{"id":185,"date":"2024-01-10T15:47:29","date_gmt":"2024-01-10T12:47:29","guid":{"rendered":"https:\/\/taekwondohaber.com\/?page_id=185"},"modified":"2025-01-27T23:15:32","modified_gmt":"2025-01-27T20:15:32","slug":"tes-menu","status":"publish","type":"page","link":"https:\/\/taekwondohaber.com\/index.php\/tes-menu\/","title":{"rendered":"2025 FAAL\u0130YET PROGRAMI VE TAKV\u0130M\u0130"},"content":{"rendered":"<table class=\"icerik\" border=\"0\" width=\"580\" cellspacing=\"0\" cellpadding=\"1\">\n<tbody>\n<tr>\n<td><b>FAAL\u0130YET\u0130N ADI<\/b><\/td>\n<td align=\"center\"><b>TAR\u0130H\u0130<\/b><\/td>\n<td><b>YER\u0130<\/b><\/td>\n<\/tr>\n<tr bgcolor=\"#eaeaea\">\n<td height=\"40\">T\u00fcrkiye B\u00fcy\u00fckler Taekwondo \u015eampiyonas\u0131<\/td>\n<td align=\"center\">08 &#8211; 12 Ocak 2025<\/td>\n<td>Ankara<\/td>\n<\/tr>\n<tr bgcolor=\"#ffffff\">\n<td height=\"40\">T\u00fcrkiye Gen\u00e7ler Taekwondo \u015eampiyonas\u0131<\/td>\n<td align=\"center\">15 -19 Ocak 2025<\/td>\n<td>Ankara<\/td>\n<\/tr>\n<tr bgcolor=\"#eaeaea\">\n<td height=\"40\">12. Turkiye A\u00e7\u0131k Taekwondo Turnuvas\u0131 ( Turkish Open 2025 )<\/td>\n<td align=\"center\">08-16 \u015eubat 2025<\/td>\n<td>Antalya<\/td>\n<\/tr>\n<tr bgcolor=\"#ffffff\">\n<td height=\"40\">T\u00fcrkiye Minikler Taekwondo \u015eampiyonas\u0131<\/td>\n<td align=\"center\">Muhtelif<\/td>\n<td>Muhtelif<\/td>\n<\/tr>\n<tr bgcolor=\"#eaeaea\">\n<td height=\"40\">T\u00fcrkiye Y\u0131ld\u0131zlar Taekwondo \u015eampiyonas\u0131<\/td>\n<td align=\"center\">Muhtelif<\/td>\n<td>Muhtelif<\/td>\n<\/tr>\n<tr bgcolor=\"#ffffff\">\n<td height=\"40\">T\u00fcrkiye \u00dcmitler \u015eampiyonas\u0131<\/td>\n<td align=\"center\">Muhtelif<\/td>\n<td>Muhtelif<\/td>\n<\/tr>\n<tr bgcolor=\"#eaeaea\">\n<td height=\"40\">T\u00fcrkiye Kul\u00fcpler Taekwondo \u015eampiyonas\u0131<\/td>\n<td align=\"center\">Muhtelif<\/td>\n<td>Muhtelif<\/td>\n<\/tr>\n<tr bgcolor=\"#ffffff\">\n<td height=\"40\">T\u00fcrkiye Taekwondo Poomsae \u015eampiyonas\u0131<\/td>\n<td align=\"center\">Muhtelif<\/td>\n<td>Muhtelif<\/td>\n<\/tr>\n<tr bgcolor=\"#eaeaea\">\n<td height=\"40\">T\u00fcrkiye Para Taekwondo \u015eampiyonas\u0131<\/td>\n<td align=\"center\">13 Ocak 2025<\/td>\n<td>Ankara<\/td>\n<\/tr>\n<tr bgcolor=\"#ffffff\">\n<td height=\"40\">T\u00fcrkiye \u0130\u015fitme Engelliler Taekwondo \u015eampiyonas\u0131<\/td>\n<td align=\"center\">Muhtelif<\/td>\n<td>Muhtelif<\/td>\n<\/tr>\n<tr bgcolor=\"#eaeaea\">\n<td height=\"40\">Antren\u00f6r ve Hakem Geli\u015fim Seminerleri<\/td>\n<td align=\"center\">Muhtelif<\/td>\n<td>Muhtelif<\/td>\n<\/tr>\n<tr bgcolor=\"#ffffff\">\n<td height=\"40\">Antren\u00f6r ve Hakem E\u011fitim Kurslar\u0131<\/td>\n<td align=\"center\">Muhtelif<\/td>\n<td>Muhtelif<\/td>\n<\/tr>\n<tr bgcolor=\"#eaeaea\">\n<td height=\"40\">Milli Tak\u0131mlar Se\u00e7me M\u00fcsabakalar\u0131<\/td>\n<td align=\"center\">Muhtelif<\/td>\n<td>Muhtelif<\/td>\n<\/tr>\n<tr bgcolor=\"#ffffff\">\n<td height=\"40\">Milli Tak\u0131mlar Haz\u0131rl\u0131k Kamplar\u0131<\/td>\n<td align=\"center\">Muhtelif<\/td>\n<td>Muhtelif<\/td>\n<\/tr>\n<tr bgcolor=\"#eaeaea\">\n<td height=\"40\">Sporcu Geli\u015fim Kamplar\u0131<\/td>\n<td align=\"center\">Muhtelif<\/td>\n<td>Muhtelif<\/td>\n<\/tr>\n<tr bgcolor=\"#ffffff\">\n<td height=\"40\">Dan S\u0131navlar\u0131<\/td>\n<td align=\"center\">Muhtelif<\/td>\n<td>Muhtelif<\/td>\n<\/tr>\n<\/tbody>\n<\/table>\n","protected":false},"excerpt":{"rendered":"<p>FAAL\u0130YET\u0130N ADI TAR\u0130H\u0130 YER\u0130 T\u00fcrkiye B\u00fcy\u00fckler Taekwondo \u015eampiyonas\u0131 08 &#8211; 12 Ocak 2025 Ankara T\u00fcrkiye Gen\u00e7ler Taekwondo \u015eampiyonas\u0131 15 -19 Ocak 2025 Ankara 12. Turkiye A\u00e7\u0131k Taekwondo Turnuvas\u0131 ( Turkish Open 2025 ) 08-16 \u015eubat 2025 Antalya T\u00fcrkiye Minikler Taekwondo \u015eampiyonas\u0131 Muhtelif Muhtelif T\u00fcrkiye Y\u0131ld\u0131zlar Taekwondo \u015eampiyonas\u0131 Muhtelif Muhtelif T\u00fcrkiye \u00dcmitler \u015eampiyonas\u0131 Muhtelif Muhtelif T\u00fcrkiye [&hellip;]<\/p>\n","protected":false},"author":1,"featured_media":0,"parent":0,"menu_order":0,"comment_status":"closed","ping_status":"closed","template":"","meta":{"footnotes":""},"class_list":["post-185","page","type-page","status-publish","hentry"],"_links":{"self":[{"href":"https:\/\/taekwondohaber.com\/index.php\/wp-json\/wp\/v2\/pages\/185","targetHints":{"allow":["GET"]}}],"collection":[{"href":"https:\/\/taekwondohaber.com\/index.php\/wp-json\/wp\/v2\/pages"}],"about":[{"href":"https:\/\/taekwondohaber.com\/index.php\/wp-json\/wp\/v2\/types\/page"}],"author":[{"embeddable":true,"href":"https:\/\/taekwondohaber.com\/index.php\/wp-json\/wp\/v2\/users\/1"}],"replies":[{"embeddable":true,"href":"https:\/\/taekwondohaber.com\/index.php\/wp-json\/wp\/v2\/comments?post=185"}],"version-history":[{"count":5,"href":"https:\/\/taekwondohaber.com\/index.php\/wp-json\/wp\/v2\/pages\/185\/revisions"}],"predecessor-version":[{"id":369,"href":"https:\/\/taekwondohaber.com\/index.php\/wp-json\/wp\/v2\/pages\/185\/revisions\/369"}],"wp:attachment":[{"href":"https:\/\/taekwondohaber.com\/index.php\/wp-json\/wp\/v2\/media?parent=185"}],"curies":[{"name":"wp","href":"https:\/\/api.w.org\/{rel}","templated":true}]}}