{"id":2,"date":"2021-01-16T00:07:35","date_gmt":"2021-01-15T21:07:35","guid":{"rendered":"http:\/\/taekwondohaber.com\/?page_id=2"},"modified":"2024-11-25T16:57:08","modified_gmt":"2024-11-25T13:57:08","slug":"ornek-sayfa","status":"publish","type":"page","link":"https:\/\/taekwondohaber.com\/index.php\/ornek-sayfa\/","title":{"rendered":"Taekwondo Haber kimdir"},"content":{"rendered":"<p><strong>Taekwondo Haber<\/strong> \u0130nternet Haber Sitesi, Taekwondo sporuna dair t\u00fcm g\u00fcncel geli\u015fmeleri, i\u00e7erikleri, m\u00fcsabaka sonu\u00e7lar\u0131n\u0131 ve etkinliklere ait resimleri payla\u015fan bir online platformdur. T\u00fcrkiye ve d\u00fcnya genelindeki Taekwondo etkinliklerine dair kapsaml\u0131 haberler sunarak, sporcular, antren\u00f6rler ve Taekwondo severler i\u00e7in \u00f6nemli bir kaynak olu\u015fturur.<\/p>\n<p>Site, <strong>Mustafa \u00c7ay\u0131r<\/strong>&#8216;\u0131n imtiyaz sahipli\u011finde faaliyet g\u00f6stermektedir. \u00c7ay\u0131r, Taekwondo camias\u0131ndaki\u00a0 deneyimiyle, siteye hem haber anlam\u0131nda hem de sporun geli\u015fimine katk\u0131da bulunacak i\u00e7erikler kazand\u0131rmaktad\u0131r. Taekwondo Haber, profesyonel sporcular\u0131n, antren\u00f6rlerin ve takip\u00e7ilerin kat\u0131l\u0131m\u0131n\u0131 sa\u011flayan, geli\u015fmeleri an\u0131nda aktaran ve g\u00f6rsel i\u00e7erikler sunan dinamik bir medya platformu olarak faaliyet g\u00f6sterir.<\/p>\n<p><a href=\"https:\/\/taekwondohaber.com\/\"><img loading=\"lazy\" decoding=\"async\" class=\"alignnone wp-image-314\" src=\"http:\/\/taekwondohaber.com\/wp-content\/uploads\/2024\/11\/png-transparent-push-button-web-browser-home-toolbar-button-pushbutton-arrow-toolbar-300x196.png\" alt=\"https:\/\/taekwondohaber.com\/\" width=\"191\" height=\"125\" srcset=\"https:\/\/taekwondohaber.com\/wp-content\/uploads\/2024\/11\/png-transparent-push-button-web-browser-home-toolbar-button-pushbutton-arrow-toolbar-300x196.png 300w, https:\/\/taekwondohaber.com\/wp-content\/uploads\/2024\/11\/png-transparent-push-button-web-browser-home-toolbar-button-pushbutton-arrow-toolbar-768x501.png 768w, https:\/\/taekwondohaber.com\/wp-content\/uploads\/2024\/11\/png-transparent-push-button-web-browser-home-toolbar-button-pushbutton-arrow-toolbar.png 920w\" sizes=\"auto, (max-width: 191px) 100vw, 191px\" \/><\/a><\/p>\n<p>&nbsp;<\/p>\n<p>&nbsp;<\/p>\n","protected":false},"excerpt":{"rendered":"<p>Taekwondo Haber \u0130nternet Haber Sitesi, Taekwondo sporuna dair t\u00fcm g\u00fcncel geli\u015fmeleri, i\u00e7erikleri, m\u00fcsabaka sonu\u00e7lar\u0131n\u0131 ve etkinliklere ait resimleri payla\u015fan bir online platformdur. T\u00fcrkiye ve d\u00fcnya genelindeki Taekwondo etkinliklerine dair kapsaml\u0131 haberler sunarak, sporcular, antren\u00f6rler ve Taekwondo severler i\u00e7in \u00f6nemli bir kaynak olu\u015fturur. Site, Mustafa \u00c7ay\u0131r&#8216;\u0131n imtiyaz sahipli\u011finde faaliyet g\u00f6stermektedir. \u00c7ay\u0131r, Taekwondo camias\u0131ndaki\u00a0 deneyimiyle, siteye hem [&hellip;]<\/p>\n","protected":false},"author":1,"featured_media":0,"parent":0,"menu_order":0,"comment_status":"closed","ping_status":"open","template":"","meta":{"footnotes":""},"class_list":["post-2","page","type-page","status-publish","hentry"],"_links":{"self":[{"href":"https:\/\/taekwondohaber.com\/index.php\/wp-json\/wp\/v2\/pages\/2","targetHints":{"allow":["GET"]}}],"collection":[{"href":"https:\/\/taekwondohaber.com\/index.php\/wp-json\/wp\/v2\/pages"}],"about":[{"href":"https:\/\/taekwondohaber.com\/index.php\/wp-json\/wp\/v2\/types\/page"}],"author":[{"embeddable":true,"href":"https:\/\/taekwondohaber.com\/index.php\/wp-json\/wp\/v2\/users\/1"}],"replies":[{"embeddable":true,"href":"https:\/\/taekwondohaber.com\/index.php\/wp-json\/wp\/v2\/comments?post=2"}],"version-history":[{"count":6,"href":"https:\/\/taekwondohaber.com\/index.php\/wp-json\/wp\/v2\/pages\/2\/revisions"}],"predecessor-version":[{"id":317,"href":"https:\/\/taekwondohaber.com\/index.php\/wp-json\/wp\/v2\/pages\/2\/revisions\/317"}],"wp:attachment":[{"href":"https:\/\/taekwondohaber.com\/index.php\/wp-json\/wp\/v2\/media?parent=2"}],"curies":[{"name":"wp","href":"https:\/\/api.w.org\/{rel}","templated":true}]}}